{"id":55076,"date":"2025-04-20T10:04:45","date_gmt":"2025-04-20T10:04:45","guid":{"rendered":"https:\/\/ss4dc.eu\/ogrenci-herkese-acik-hesabi\/"},"modified":"2025-11-10T08:21:09","modified_gmt":"2025-11-10T08:21:09","slug":"ogrenci-herkese-acik-hesabi","status":"publish","type":"page","link":"https:\/\/ss4dc.eu\/tr\/ogrenci-herkese-acik-hesabi\/","title":{"rendered":"\u00d6\u011frenci herkese a\u00e7\u0131k hesab\u0131"},"content":{"rendered":"","protected":false},"excerpt":{"rendered":"","protected":false},"author":1,"featured_media":0,"parent":0,"menu_order":0,"comment_status":"closed","ping_status":"closed","template":"","meta":{"footnotes":""},"class_list":["post-55076","page","type-page","status-publish","hentry"],"_links":{"self":[{"href":"https:\/\/ss4dc.eu\/tr\/wp-json\/wp\/v2\/pages\/55076","targetHints":{"allow":["GET"]}}],"collection":[{"href":"https:\/\/ss4dc.eu\/tr\/wp-json\/wp\/v2\/pages"}],"about":[{"href":"https:\/\/ss4dc.eu\/tr\/wp-json\/wp\/v2\/types\/page"}],"author":[{"embeddable":true,"href":"https:\/\/ss4dc.eu\/tr\/wp-json\/wp\/v2\/users\/1"}],"replies":[{"embeddable":true,"href":"https:\/\/ss4dc.eu\/tr\/wp-json\/wp\/v2\/comments?post=55076"}],"version-history":[{"count":1,"href":"https:\/\/ss4dc.eu\/tr\/wp-json\/wp\/v2\/pages\/55076\/revisions"}],"predecessor-version":[{"id":55651,"href":"https:\/\/ss4dc.eu\/tr\/wp-json\/wp\/v2\/pages\/55076\/revisions\/55651"}],"wp:attachment":[{"href":"https:\/\/ss4dc.eu\/tr\/wp-json\/wp\/v2\/media?parent=55076"}],"curies":[{"name":"wp","href":"https:\/\/api.w.org\/{rel}","templated":true}]}}